{"id":6655,"date":"2026-01-08T05:04:21","date_gmt":"2026-01-08T02:04:21","guid":{"rendered":"https:\/\/erzak.co\/markalarimiz\/"},"modified":"2026-01-18T15:12:07","modified_gmt":"2026-01-18T12:12:07","slug":"markalarimiz","status":"publish","type":"page","link":"https:\/\/erzak.co\/tr\/markalarimiz\/","title":{"rendered":"markalar\u0131m\u0131z"},"content":{"rendered":"<p><div class=\"fusion-fullwidth fullwidth-box fusion-builder-row-1 fusion-flex-container nonhundred-percent-fullwidth non-hundred-percent-height-scrolling\" style=\"--awb-border-color:hsla(var(--awb-color8-h),var(--awb-color8-s),var(--awb-color8-l),calc( var(--awb-color8-a) - 90% ));--awb-border-radius-top-left:0px;--awb-border-radius-top-right:0px;--awb-border-radius-bottom-right:0px;--awb-border-radius-bottom-left:0px;--awb-padding-top:120px;--awb-padding-bottom:0px;--awb-padding-top-small:0px;--awb-padding-bottom-small:0px;--awb-margin-bottom:0px;--awb-margin-bottom-medium:0px;--awb-margin-bottom-small:0px;--awb-background-color:var(--awb-color1);--awb-flex-wrap:wrap;\" ><div class=\"fusion-builder-row fusion-row fusion-flex-align-items-flex-start fusion-flex-justify-content-center fusion-flex-content-wrap\" style=\"max-width:1248px;margin-left: calc(-4% \/ 2 );margin-right: calc(-4% \/ 2 );\"><div class=\"fusion-layout-column fusion_builder_column fusion-builder-column-0 fusion-flex-column\" style=\"--awb-bg-size:cover;--awb-width-large:68%;--awb-margin-top-large:0px;--awb-spacing-right-large:2.8235294117647%;--awb-margin-bottom-large:70px;--awb-spacing-left-large:2.8235294117647%;--awb-width-medium:68%;--awb-order-medium:0;--awb-spacing-right-medium:2.8235294117647%;--awb-spacing-left-medium:2.8235294117647%;--awb-width-small:100%;--awb-order-small:0;--awb-spacing-right-small:1.92%;--awb-margin-bottom-small:50px;--awb-spacing-left-small:1.92%;\"><div class=\"fusion-column-wrapper fusion-column-has-shadow fusion-flex-justify-content-flex-start fusion-content-layout-column\"><div class=\"fusion-title title fusion-title-1 fusion-sep-none fusion-title-center fusion-title-text fusion-title-size-two\" style=\"--awb-text-color:var(--awb-color8);--awb-margin-top-small:10px;--awb-margin-right-small:0px;--awb-margin-bottom-small:10px;--awb-margin-left-small:0px;\"><h2 class=\"fusion-title-heading title-heading-center\" style=\"margin:0;\">Markalar\u0131m\u0131z\u0131 inceleyin<\/h2><\/div><div class=\"fusion-text fusion-text-1 fusion-text-no-margin\" style=\"--awb-content-alignment:center;--awb-text-color:var(--awb-color8);--awb-margin-right:10%;--awb-margin-bottom:0px;--awb-margin-left:10%;\"><p>\u00dcr\u00fcn yelpazemizde \u00e7e\u015fitli y\u00fcksek kaliteli \u00fcr\u00fcnler bulunmaktad\u0131r.<\/p>\n<\/div><\/div><\/div><\/div><\/div><div class=\"fusion-fullwidth fullwidth-box fusion-builder-row-2 fusion-flex-container has-pattern-background has-mask-background nonhundred-percent-fullwidth non-hundred-percent-height-scrolling\" style=\"--awb-border-radius-top-left:0px;--awb-border-radius-top-right:0px;--awb-border-radius-bottom-right:0px;--awb-border-radius-bottom-left:0px;--awb-flex-wrap:wrap;\" ><div class=\"fusion-builder-row fusion-row fusion-flex-align-items-center fusion-flex-justify-content-center fusion-flex-content-wrap\" style=\"max-width:1248px;margin-left: calc(-4% \/ 2 );margin-right: calc(-4% \/ 2 );\"><div class=\"fusion-layout-column fusion_builder_column fusion-builder-column-1 fusion_builder_column_1_2 1_2 fusion-flex-column fusion-flex-align-self-flex-start\" style=\"--awb-bg-size:cover;--awb-width-large:50%;--awb-margin-top-large:0px;--awb-spacing-right-large:29.952%;--awb-margin-bottom-large:20px;--awb-spacing-left-large:34.56%;--awb-width-medium:50%;--awb-order-medium:0;--awb-spacing-right-medium:29.952%;--awb-spacing-left-medium:34.56%;--awb-width-small:100%;--awb-order-small:0;--awb-spacing-right-small:1.92%;--awb-spacing-left-small:1.92%;\"><div class=\"fusion-column-wrapper fusion-column-has-shadow fusion-flex-justify-content-center fusion-content-layout-column\"><div class=\"fusion-image-element \" style=\"--awb-aspect-ratio: 100 \/ 76;--awb-caption-title-font-family:var(--h2_typography-font-family);--awb-caption-title-font-weight:var(--h2_typography-font-weight);--awb-caption-title-font-style:var(--h2_typography-font-style);--awb-caption-title-size:var(--h2_typography-font-size);--awb-caption-title-transform:var(--h2_typography-text-transform);--awb-caption-title-line-height:var(--h2_typography-line-height);--awb-caption-title-letter-spacing:var(--h2_typography-letter-spacing);\"><span class=\" fusion-imageframe imageframe-none imageframe-1 hover-type-none has-aspect-ratio\"><a class=\"fusion-no-lightbox\" href=\"https:\/\/erzak.co\/tr\/brands\/\u062e\u0637\u064a\u0628\" target=\"_self\" aria-label=\"khateeb\"><img decoding=\"async\" width=\"400\" height=\"267\" src=\"https:\/\/erzak.co\/wp-content\/uploads\/2026\/01\/khateeb-400x267.png\" class=\"img-responsive wp-image-6112 img-with-aspect-ratio\" data-parent-fit=\"cover\" data-parent-container=\".fusion-image-element\" alt srcset=\"https:\/\/erzak.co\/wp-content\/uploads\/2026\/01\/khateeb-200x133.png 200w, https:\/\/erzak.co\/wp-content\/uploads\/2026\/01\/khateeb-400x267.png 400w, https:\/\/erzak.co\/wp-content\/uploads\/2026\/01\/khateeb-600x400.png 600w, https:\/\/erzak.co\/wp-content\/uploads\/2026\/01\/khateeb-800x533.png 800w, https:\/\/erzak.co\/wp-content\/uploads\/2026\/01\/khateeb-1200x800.png 1200w, https:\/\/erzak.co\/wp-content\/uploads\/2026\/01\/khateeb.png 1536w\" sizes=\"(max-width: 640px) 100vw, 400px\" \/><\/a><\/span><\/div><div class=\"fusion-image-element \" style=\"--awb-margin-top:-10px;--awb-caption-title-font-family:var(--h2_typography-font-family);--awb-caption-title-font-weight:var(--h2_typography-font-weight);--awb-caption-title-font-style:var(--h2_typography-font-style);--awb-caption-title-size:var(--h2_typography-font-size);--awb-caption-title-transform:var(--h2_typography-text-transform);--awb-caption-title-line-height:var(--h2_typography-line-height);--awb-caption-title-letter-spacing:var(--h2_typography-letter-spacing);\"><span class=\" fusion-imageframe imageframe-none imageframe-2 hover-type-none\"><a class=\"fusion-no-lightbox\" href=\"https:\/\/erzak.co\/tr\/brands\/%D8%B1%D8%A7%D8%A6%D8%B9\/\" target=\"_self\" aria-label=\"raae\"><img decoding=\"async\" width=\"400\" height=\"280\" src=\"https:\/\/erzak.co\/wp-content\/uploads\/2026\/01\/raae-400x280.png\" alt class=\"img-responsive wp-image-6033\" srcset=\"https:\/\/erzak.co\/wp-content\/uploads\/2026\/01\/raae-200x140.png 200w, https:\/\/erzak.co\/wp-content\/uploads\/2026\/01\/raae-400x280.png 400w, https:\/\/erzak.co\/wp-content\/uploads\/2026\/01\/raae.png 428w\" sizes=\"(max-width: 640px) 100vw, 400px\" \/><\/a><\/span><\/div><\/div><\/div><div class=\"fusion-layout-column fusion_builder_column fusion-builder-column-2 fusion_builder_column_1_2 1_2 fusion-flex-column fusion-flex-align-self-flex-start\" style=\"--awb-bg-size:cover;--awb-width-large:50%;--awb-margin-top-large:0px;--awb-spacing-right-large:29.952%;--awb-margin-bottom-large:20px;--awb-spacing-left-large:34.56%;--awb-width-medium:50%;--awb-order-medium:0;--awb-spacing-right-medium:29.952%;--awb-spacing-left-medium:34.56%;--awb-width-small:100%;--awb-order-small:0;--awb-spacing-right-small:1.92%;--awb-spacing-left-small:1.92%;\"><div class=\"fusion-column-wrapper fusion-column-has-shadow fusion-flex-justify-content-center fusion-content-layout-column\"><div class=\"fusion-image-element \" style=\"--awb-margin-top:5px;--awb-margin-bottom:15px;--awb-caption-title-font-family:var(--h2_typography-font-family);--awb-caption-title-font-weight:var(--h2_typography-font-weight);--awb-caption-title-font-style:var(--h2_typography-font-style);--awb-caption-title-size:var(--h2_typography-font-size);--awb-caption-title-transform:var(--h2_typography-text-transform);--awb-caption-title-line-height:var(--h2_typography-line-height);--awb-caption-title-letter-spacing:var(--h2_typography-letter-spacing);\"><span class=\" fusion-imageframe imageframe-none imageframe-3 hover-type-none\"><a class=\"fusion-no-lightbox\" href=\"https:\/\/erzak.co\/tr\/brands\/\u0644\u0637\u0627\u0641\u0629\" target=\"_self\" aria-label=\"latafa\"><img decoding=\"async\" width=\"400\" height=\"239\" src=\"https:\/\/erzak.co\/wp-content\/uploads\/2026\/01\/latafa-400x239.png\" alt class=\"img-responsive wp-image-6030\" srcset=\"https:\/\/erzak.co\/wp-content\/uploads\/2026\/01\/latafa-200x120.png 200w, https:\/\/erzak.co\/wp-content\/uploads\/2026\/01\/latafa-400x239.png 400w, https:\/\/erzak.co\/wp-content\/uploads\/2026\/01\/latafa.png 476w\" sizes=\"(max-width: 640px) 100vw, 400px\" \/><\/a><\/span><\/div><div class=\"fusion-image-element \" style=\"--awb-caption-title-font-family:var(--h2_typography-font-family);--awb-caption-title-font-weight:var(--h2_typography-font-weight);--awb-caption-title-font-style:var(--h2_typography-font-style);--awb-caption-title-size:var(--h2_typography-font-size);--awb-caption-title-transform:var(--h2_typography-text-transform);--awb-caption-title-line-height:var(--h2_typography-line-height);--awb-caption-title-letter-spacing:var(--h2_typography-letter-spacing);\"><span class=\" fusion-imageframe imageframe-none imageframe-4 hover-type-none\"><a class=\"fusion-no-lightbox\" href=\"https:\/\/erzak.co\/tr\/brands\/\u0639\u062c\u064a\u0628\" target=\"_self\" aria-label=\"ajeeb\"><img decoding=\"async\" width=\"400\" height=\"266\" src=\"https:\/\/erzak.co\/wp-content\/uploads\/2026\/01\/ajeeb-400x266.png\" alt class=\"img-responsive wp-image-6036\" srcset=\"https:\/\/erzak.co\/wp-content\/uploads\/2026\/01\/ajeeb-200x133.png 200w, https:\/\/erzak.co\/wp-content\/uploads\/2026\/01\/ajeeb-400x266.png 400w, https:\/\/erzak.co\/wp-content\/uploads\/2026\/01\/ajeeb.png 441w\" sizes=\"(max-width: 640px) 100vw, 400px\" \/><\/a><\/span><\/div><\/div><\/div><\/div><\/div><\/p>\n","protected":false},"excerpt":{"rendered":"","protected":false},"author":1,"featured_media":0,"parent":0,"menu_order":0,"comment_status":"closed","ping_status":"closed","template":"100-width.php","meta":{"_acf_changed":false,"_bbp_topic_count":0,"_bbp_reply_count":0,"_bbp_total_topic_count":0,"_bbp_total_reply_count":0,"_bbp_voice_count":0,"_bbp_anonymous_reply_count":0,"_bbp_topic_count_hidden":0,"_bbp_reply_count_hidden":0,"_bbp_forum_subforum_count":0,"content-type":"","footnotes":""},"class_list":["post-6655","page","type-page","status-publish","hentry"],"acf":{"full_width":false,"header_transparent":false,"header_white":false},"yoast_head":"<!-- This site is optimized with the Yoast SEO plugin v27.4 - https:\/\/yoast.com\/product\/yoast-seo-wordpress\/ -->\n<title>markalar\u0131m\u0131z - \u0623\u0631\u0632\u0627\u0642<\/title>\n<meta name=\"robots\" content=\"index, follow, max-snippet:-1, max-image-preview:large, max-video-preview:-1\" \/>\n<link rel=\"canonical\" href=\"https:\/\/erzak.co\/tr\/markalarimiz\/\" \/>\n<meta property=\"og:locale\" content=\"tr_TR\" \/>\n<meta property=\"og:type\" content=\"article\" \/>\n<meta property=\"og:title\" content=\"markalar\u0131m\u0131z - \u0623\u0631\u0632\u0627\u0642\" \/>\n<meta property=\"og:url\" content=\"https:\/\/erzak.co\/tr\/markalarimiz\/\" \/>\n<meta property=\"og:site_name\" content=\"\u0623\u0631\u0632\u0627\u0642\" \/>\n<meta property=\"article:modified_time\" content=\"2026-01-18T12:12:07+00:00\" \/>\n<meta name=\"twitter:card\" content=\"summary_large_image\" \/>\n<meta name=\"twitter:label1\" content=\"Tahmini okuma s\u00fcresi\" \/>\n\t<meta name=\"twitter:data1\" content=\"9 dakika\" \/>\n<script type=\"application\/ld+json\" class=\"yoast-schema-graph\">{\"@context\":\"https:\\\/\\\/schema.org\",\"@graph\":[{\"@type\":\"WebPage\",\"@id\":\"https:\\\/\\\/erzak.co\\\/tr\\\/markalarimiz\\\/\",\"url\":\"https:\\\/\\\/erzak.co\\\/tr\\\/markalarimiz\\\/\",\"name\":\"markalar\u0131m\u0131z - \u0623\u0631\u0632\u0627\u0642\",\"isPartOf\":{\"@id\":\"https:\\\/\\\/erzak.co\\\/tr\\\/#website\"},\"datePublished\":\"2026-01-08T02:04:21+00:00\",\"dateModified\":\"2026-01-18T12:12:07+00:00\",\"breadcrumb\":{\"@id\":\"https:\\\/\\\/erzak.co\\\/tr\\\/markalarimiz\\\/#breadcrumb\"},\"inLanguage\":\"tr\",\"potentialAction\":[{\"@type\":\"ReadAction\",\"target\":[\"https:\\\/\\\/erzak.co\\\/tr\\\/markalarimiz\\\/\"]}]},{\"@type\":\"BreadcrumbList\",\"@id\":\"https:\\\/\\\/erzak.co\\\/tr\\\/markalarimiz\\\/#breadcrumb\",\"itemListElement\":[{\"@type\":\"ListItem\",\"position\":1,\"name\":\"\u0627\u0644\u0631\u0626\u064a\u0633\u064a\u0629\",\"item\":\"https:\\\/\\\/erzak.co\\\/tr\\\/\"},{\"@type\":\"ListItem\",\"position\":2,\"name\":\"markalar\u0131m\u0131z\"}]},{\"@type\":\"WebSite\",\"@id\":\"https:\\\/\\\/erzak.co\\\/tr\\\/#website\",\"url\":\"https:\\\/\\\/erzak.co\\\/tr\\\/\",\"name\":\"\u0623\u0631\u0632\u0627\u0642\",\"description\":\"\u0627\u0633\u062a\u064a\u0631\u0627\u062f \u0648\u0627\u0644\u062a\u0635\u062f\u064a\u0631\",\"publisher\":{\"@id\":\"https:\\\/\\\/erzak.co\\\/tr\\\/#organization\"},\"potentialAction\":[{\"@type\":\"SearchAction\",\"target\":{\"@type\":\"EntryPoint\",\"urlTemplate\":\"https:\\\/\\\/erzak.co\\\/tr\\\/?s={search_term_string}\"},\"query-input\":{\"@type\":\"PropertyValueSpecification\",\"valueRequired\":true,\"valueName\":\"search_term_string\"}}],\"inLanguage\":\"tr\"},{\"@type\":\"Organization\",\"@id\":\"https:\\\/\\\/erzak.co\\\/tr\\\/#organization\",\"name\":\"\u0623\u0631\u0632\u0627\u0642\",\"url\":\"https:\\\/\\\/erzak.co\\\/tr\\\/\",\"logo\":{\"@type\":\"ImageObject\",\"inLanguage\":\"tr\",\"@id\":\"https:\\\/\\\/erzak.co\\\/tr\\\/#\\\/schema\\\/logo\\\/image\\\/\",\"url\":\"https:\\\/\\\/erzak.co\\\/wp-content\\\/uploads\\\/2024\\\/08\\\/arzak-logo.png\",\"contentUrl\":\"https:\\\/\\\/erzak.co\\\/wp-content\\\/uploads\\\/2024\\\/08\\\/arzak-logo.png\",\"width\":1039,\"height\":1170,\"caption\":\"\u0623\u0631\u0632\u0627\u0642\"},\"image\":{\"@id\":\"https:\\\/\\\/erzak.co\\\/tr\\\/#\\\/schema\\\/logo\\\/image\\\/\"}}]}<\/script>\n<!-- \/ Yoast SEO plugin. -->","yoast_head_json":{"title":"markalar\u0131m\u0131z - \u0623\u0631\u0632\u0627\u0642","robots":{"index":"index","follow":"follow","max-snippet":"max-snippet:-1","max-image-preview":"max-image-preview:large","max-video-preview":"max-video-preview:-1"},"canonical":"https:\/\/erzak.co\/tr\/markalarimiz\/","og_locale":"tr_TR","og_type":"article","og_title":"markalar\u0131m\u0131z - \u0623\u0631\u0632\u0627\u0642","og_url":"https:\/\/erzak.co\/tr\/markalarimiz\/","og_site_name":"\u0623\u0631\u0632\u0627\u0642","article_modified_time":"2026-01-18T12:12:07+00:00","twitter_card":"summary_large_image","twitter_misc":{"Tahmini okuma s\u00fcresi":"9 dakika"},"schema":{"@context":"https:\/\/schema.org","@graph":[{"@type":"WebPage","@id":"https:\/\/erzak.co\/tr\/markalarimiz\/","url":"https:\/\/erzak.co\/tr\/markalarimiz\/","name":"markalar\u0131m\u0131z - \u0623\u0631\u0632\u0627\u0642","isPartOf":{"@id":"https:\/\/erzak.co\/tr\/#website"},"datePublished":"2026-01-08T02:04:21+00:00","dateModified":"2026-01-18T12:12:07+00:00","breadcrumb":{"@id":"https:\/\/erzak.co\/tr\/markalarimiz\/#breadcrumb"},"inLanguage":"tr","potentialAction":[{"@type":"ReadAction","target":["https:\/\/erzak.co\/tr\/markalarimiz\/"]}]},{"@type":"BreadcrumbList","@id":"https:\/\/erzak.co\/tr\/markalarimiz\/#breadcrumb","itemListElement":[{"@type":"ListItem","position":1,"name":"\u0627\u0644\u0631\u0626\u064a\u0633\u064a\u0629","item":"https:\/\/erzak.co\/tr\/"},{"@type":"ListItem","position":2,"name":"markalar\u0131m\u0131z"}]},{"@type":"WebSite","@id":"https:\/\/erzak.co\/tr\/#website","url":"https:\/\/erzak.co\/tr\/","name":"\u0623\u0631\u0632\u0627\u0642","description":"\u0627\u0633\u062a\u064a\u0631\u0627\u062f \u0648\u0627\u0644\u062a\u0635\u062f\u064a\u0631","publisher":{"@id":"https:\/\/erzak.co\/tr\/#organization"},"potentialAction":[{"@type":"SearchAction","target":{"@type":"EntryPoint","urlTemplate":"https:\/\/erzak.co\/tr\/?s={search_term_string}"},"query-input":{"@type":"PropertyValueSpecification","valueRequired":true,"valueName":"search_term_string"}}],"inLanguage":"tr"},{"@type":"Organization","@id":"https:\/\/erzak.co\/tr\/#organization","name":"\u0623\u0631\u0632\u0627\u0642","url":"https:\/\/erzak.co\/tr\/","logo":{"@type":"ImageObject","inLanguage":"tr","@id":"https:\/\/erzak.co\/tr\/#\/schema\/logo\/image\/","url":"https:\/\/erzak.co\/wp-content\/uploads\/2024\/08\/arzak-logo.png","contentUrl":"https:\/\/erzak.co\/wp-content\/uploads\/2024\/08\/arzak-logo.png","width":1039,"height":1170,"caption":"\u0623\u0631\u0632\u0627\u0642"},"image":{"@id":"https:\/\/erzak.co\/tr\/#\/schema\/logo\/image\/"}}]}},"_links":{"self":[{"href":"https:\/\/erzak.co\/tr\/wp-json\/wp\/v2\/pages\/6655","targetHints":{"allow":["GET"]}}],"collection":[{"href":"https:\/\/erzak.co\/tr\/wp-json\/wp\/v2\/pages"}],"about":[{"href":"https:\/\/erzak.co\/tr\/wp-json\/wp\/v2\/types\/page"}],"author":[{"embeddable":true,"href":"https:\/\/erzak.co\/tr\/wp-json\/wp\/v2\/users\/1"}],"replies":[{"embeddable":true,"href":"https:\/\/erzak.co\/tr\/wp-json\/wp\/v2\/comments?post=6655"}],"version-history":[{"count":5,"href":"https:\/\/erzak.co\/tr\/wp-json\/wp\/v2\/pages\/6655\/revisions"}],"predecessor-version":[{"id":6667,"href":"https:\/\/erzak.co\/tr\/wp-json\/wp\/v2\/pages\/6655\/revisions\/6667"}],"wp:attachment":[{"href":"https:\/\/erzak.co\/tr\/wp-json\/wp\/v2\/media?parent=6655"}],"curies":[{"name":"wp","href":"https:\/\/api.w.org\/{rel}","templated":true}]}}